{"id":243,"date":"2026-02-10T21:36:21","date_gmt":"2026-02-10T21:36:21","guid":{"rendered":"http:\/\/margeht.com\/?page_id=243"},"modified":"2026-02-14T18:55:43","modified_gmt":"2026-02-14T18:55:43","slug":"bize-ulasin","status":"publish","type":"page","link":"https:\/\/www.margeht.com\/?page_id=243","title":{"rendered":"Bize Ula\u015f\u0131n"},"content":{"rendered":"\n<p>Akademik birikimi, teknik kabiliyeti, \u00f6zelle\u015fmi\u015f ticari laboratuvar\u0131 ve geni\u015f \u00fcr\u00fcn yelpazesi ile sizlere hizmet vermekteyiz. Doku k\u00fclt\u00fcr\u00fc y\u00f6ntemleri ile ilgili e\u011fitim, te\u00e7hizat ve kurulum ile ilgili her konuda l\u00fctfen bize ula\u015f\u0131n\u0131z.<\/p>\n\n\n\n<figure class=\"wp-block-image size-large is-resized\"><img loading=\"lazy\" decoding=\"async\" width=\"1024\" height=\"1000\" src=\"https:\/\/margeht.com\/wp-content\/uploads\/2025\/03\/Ekran-Resmi-2025-03-24-10.41.37-1024x1000.png\" alt=\"\" class=\"wp-image-244\" style=\"width:1170px;height:auto\" srcset=\"https:\/\/www.margeht.com\/wp-content\/uploads\/2025\/03\/Ekran-Resmi-2025-03-24-10.41.37-1024x1000.png 1024w, https:\/\/www.margeht.com\/wp-content\/uploads\/2025\/03\/Ekran-Resmi-2025-03-24-10.41.37-300x293.png 300w, https:\/\/www.margeht.com\/wp-content\/uploads\/2025\/03\/Ekran-Resmi-2025-03-24-10.41.37-768x750.png 768w, https:\/\/www.margeht.com\/wp-content\/uploads\/2025\/03\/Ekran-Resmi-2025-03-24-10.41.37.png 1101w\" sizes=\"auto, (max-width: 1024px) 100vw, 1024px\" \/><\/figure>\n\n\n\n<figure class=\"wp-block-gallery has-nested-images columns-default is-cropped wp-block-gallery-1 is-layout-flex wp-block-gallery-is-layout-flex\">\n<figure class=\"wp-block-image size-full\"><img loading=\"lazy\" decoding=\"async\" width=\"2660\" height=\"871\" data-id=\"271\" src=\"https:\/\/margeht.com\/wp-content\/uploads\/2025\/03\/Ekran-Resmi-2025-03-24-12.06.55.png\" alt=\"\" class=\"wp-image-271\" srcset=\"https:\/\/www.margeht.com\/wp-content\/uploads\/2025\/03\/Ekran-Resmi-2025-03-24-12.06.55.png 2660w, https:\/\/www.margeht.com\/wp-content\/uploads\/2025\/03\/Ekran-Resmi-2025-03-24-12.06.55-300x98.png 300w, https:\/\/www.margeht.com\/wp-content\/uploads\/2025\/03\/Ekran-Resmi-2025-03-24-12.06.55-1024x335.png 1024w, https:\/\/www.margeht.com\/wp-content\/uploads\/2025\/03\/Ekran-Resmi-2025-03-24-12.06.55-768x251.png 768w, https:\/\/www.margeht.com\/wp-content\/uploads\/2025\/03\/Ekran-Resmi-2025-03-24-12.06.55-1536x503.png 1536w, https:\/\/www.margeht.com\/wp-content\/uploads\/2025\/03\/Ekran-Resmi-2025-03-24-12.06.55-2048x671.png 2048w\" sizes=\"auto, (max-width: 2660px) 100vw, 2660px\" \/><\/figure>\n<\/figure>\n\n\n\n<div class=\"wp-block-columns alignwide are-vertically-aligned-top is-layout-flex wp-container-core-columns-is-layout-9d6595d7 wp-block-columns-is-layout-flex\">\n<div class=\"wp-block-column is-vertically-aligned-top is-layout-flow wp-block-column-is-layout-flow\">\n<p style=\"line-height:2\"><strong>Adress<\/strong><br>\u00c7anakkale Teknopark Sar\u0131caeli 17100 \u00c7anakkale\/T\u00dcRK\u0130YE<\/p>\n<\/div>\n\n\n\n<div class=\"wp-block-column is-vertically-aligned-top is-layout-flow wp-block-column-is-layout-flow\">\n<p style=\"line-height:2\"><strong>\u0130leti\u015fim:<\/strong><br>Tel. : +90 286 501 6086 <br>GSM :+90 532 179 7690 <br>E-posta: info@margeht.com<\/p>\n<\/div>\n\n\n\n<div class=\"wp-block-column is-vertically-aligned-top is-layout-flow wp-block-column-is-layout-flow\">\n<div class=\"wp-block-buttons is-layout-flex wp-block-buttons-is-layout-flex\">\n<div class=\"wp-block-button has-custom-width wp-block-button__width-100\"><a class=\"wp-block-button__link has-text-color has-background wp-element-button\" href=\"https:\/\/api.whatsapp.com\/send? phone=905324797690\" style=\"color:#efefef;background-color:#262626\">WhatsApp ile Ula\u015f\u0131n<\/a><\/div>\n<\/div>\n<\/div>\n<\/div>\n","protected":false},"excerpt":{"rendered":"<p>Akademik birikimi, teknik kabiliyeti, \u00f6zelle\u015fmi\u015f ticari laboratuvar\u0131 ve geni\u015f \u00fcr\u00fcn yelpazesi ile sizlere hizmet vermekteyiz. Doku k\u00fclt\u00fcr\u00fc y\u00f6ntemleri ile ilgili e\u011fitim, te\u00e7hizat ve kurulum ile ilgili her konuda l\u00fctfen bize ula\u015f\u0131n\u0131z. Adress\u00c7anakkale Teknopark Sar\u0131caeli 17100 \u00c7anakkale\/T\u00dcRK\u0130YE \u0130leti\u015fim:Tel. : +90 286 501 6086 GSM :+90 532 179 7690 E-posta: info@margeht.com<\/p>\n","protected":false},"author":1,"featured_media":0,"parent":0,"menu_order":6,"comment_status":"closed","ping_status":"closed","template":"","meta":{"neve_meta_sidebar":"","neve_meta_container":"","neve_meta_enable_content_width":"","neve_meta_content_width":0,"neve_meta_title_alignment":"","neve_meta_author_avatar":"","neve_post_elements_order":"","neve_meta_disable_header":"","neve_meta_disable_footer":"","neve_meta_disable_title":"","footnotes":""},"class_list":["post-243","page","type-page","status-publish","hentry"],"_links":{"self":[{"href":"https:\/\/www.margeht.com\/index.php?rest_route=\/wp\/v2\/pages\/243","targetHints":{"allow":["GET"]}}],"collection":[{"href":"https:\/\/www.margeht.com\/index.php?rest_route=\/wp\/v2\/pages"}],"about":[{"href":"https:\/\/www.margeht.com\/index.php?rest_route=\/wp\/v2\/types\/page"}],"author":[{"embeddable":true,"href":"https:\/\/www.margeht.com\/index.php?rest_route=\/wp\/v2\/users\/1"}],"replies":[{"embeddable":true,"href":"https:\/\/www.margeht.com\/index.php?rest_route=%2Fwp%2Fv2%2Fcomments&post=243"}],"version-history":[{"count":15,"href":"https:\/\/www.margeht.com\/index.php?rest_route=\/wp\/v2\/pages\/243\/revisions"}],"predecessor-version":[{"id":402,"href":"https:\/\/www.margeht.com\/index.php?rest_route=\/wp\/v2\/pages\/243\/revisions\/402"}],"wp:attachment":[{"href":"https:\/\/www.margeht.com\/index.php?rest_route=%2Fwp%2Fv2%2Fmedia&parent=243"}],"curies":[{"name":"wp","href":"https:\/\/api.w.org\/{rel}","templated":true}]}}