{"id":5,"date":"2025-03-23T07:53:05","date_gmt":"2025-03-23T07:53:05","guid":{"rendered":"http:\/\/margeht.com\/?page_id=5"},"modified":"2026-04-26T14:53:43","modified_gmt":"2026-04-26T14:53:43","slug":"anasayfa","status":"publish","type":"page","link":"https:\/\/www.margeht.com\/","title":{"rendered":"Anasayfa"},"content":{"rendered":"\n<div class=\"wp-block-columns are-vertically-aligned-top is-layout-flex wp-container-core-columns-is-layout-9d6595d7 wp-block-columns-is-layout-flex\">\n<div class=\"wp-block-column is-vertically-aligned-top is-layout-flow wp-block-column-is-layout-flow\">\n<div class=\"wp-block-cover wp-duotone-unset-1\"><img loading=\"lazy\" decoding=\"async\" width=\"1024\" height=\"576\" class=\"wp-block-cover__image-background wp-image-365\" alt=\"\" src=\"https:\/\/www.margeht.com\/wp-content\/uploads\/2026\/02\/Adsiz-tasarim-9-1024x576.png\" data-object-fit=\"cover\" srcset=\"https:\/\/www.margeht.com\/wp-content\/uploads\/2026\/02\/Adsiz-tasarim-9-1024x576.png 1024w, https:\/\/www.margeht.com\/wp-content\/uploads\/2026\/02\/Adsiz-tasarim-9-300x169.png 300w, https:\/\/www.margeht.com\/wp-content\/uploads\/2026\/02\/Adsiz-tasarim-9-768x432.png 768w, https:\/\/www.margeht.com\/wp-content\/uploads\/2026\/02\/Adsiz-tasarim-9-1536x864.png 1536w, https:\/\/www.margeht.com\/wp-content\/uploads\/2026\/02\/Adsiz-tasarim-9.png 1920w\" sizes=\"auto, (max-width: 1024px) 100vw, 1024px\" \/><span aria-hidden=\"true\" class=\"wp-block-cover__background has-background-dim\"><\/span><div class=\"wp-block-cover__inner-container is-layout-flow wp-block-cover-is-layout-flow\">\n<p class=\"has-text-align-center has-large-font-size\">Bitki                       Doku &amp; H\u00fccre K\u00fclt\u00fcr\u00fc Laboratuvar\u0131<\/p>\n<\/div><\/div>\n<\/div>\n<\/div>\n\n\n\n<div class=\"wp-block-columns is-layout-flex wp-container-core-columns-is-layout-9d6595d7 wp-block-columns-is-layout-flex\">\n<div class=\"wp-block-column is-layout-flow wp-block-column-is-layout-flow\"><div class=\"wp-block-image wp-duotone-unset-2\">\n<figure class=\"aligncenter size-large is-resized\"><a href=\"https:\/\/www.margeht.com\/?page_id=128\" rel=\"www.khella.tr\"><img loading=\"lazy\" decoding=\"async\" width=\"683\" height=\"1024\" src=\"https:\/\/www.margeht.com\/wp-content\/uploads\/2026\/02\/web-foto-3-683x1024.png\" alt=\"\" class=\"wp-image-410\" style=\"aspect-ratio:0.6670155241583813;width:125px;height:auto\" srcset=\"https:\/\/www.margeht.com\/wp-content\/uploads\/2026\/02\/web-foto-3-683x1024.png 683w, https:\/\/www.margeht.com\/wp-content\/uploads\/2026\/02\/web-foto-3-200x300.png 200w, https:\/\/www.margeht.com\/wp-content\/uploads\/2026\/02\/web-foto-3-768x1152.png 768w, https:\/\/www.margeht.com\/wp-content\/uploads\/2026\/02\/web-foto-3.png 832w\" sizes=\"auto, (max-width: 683px) 100vw, 683px\" \/><\/a><figcaption class=\"wp-element-caption\">\u00dcr\u00fcnler<\/figcaption><\/figure>\n<\/div><\/div>\n\n\n\n<div class=\"wp-block-column is-layout-flow wp-block-column-is-layout-flow\"><div class=\"wp-block-image\">\n<figure class=\"aligncenter size-large\"><img loading=\"lazy\" decoding=\"async\" width=\"1024\" height=\"576\" src=\"http:\/\/www.margeht.com\/wp-content\/uploads\/2026\/02\/Adsiz-tasarim-10-1-1024x576.png\" alt=\"\" class=\"wp-image-408\" srcset=\"https:\/\/www.margeht.com\/wp-content\/uploads\/2026\/02\/Adsiz-tasarim-10-1-1024x576.png 1024w, https:\/\/www.margeht.com\/wp-content\/uploads\/2026\/02\/Adsiz-tasarim-10-1-300x169.png 300w, https:\/\/www.margeht.com\/wp-content\/uploads\/2026\/02\/Adsiz-tasarim-10-1-768x432.png 768w, https:\/\/www.margeht.com\/wp-content\/uploads\/2026\/02\/Adsiz-tasarim-10-1-1536x864.png 1536w, https:\/\/www.margeht.com\/wp-content\/uploads\/2026\/02\/Adsiz-tasarim-10-1.png 1920w\" sizes=\"auto, (max-width: 1024px) 100vw, 1024px\" \/><figcaption class=\"wp-element-caption\">Hakk\u0131m\u0131zda<\/figcaption><\/figure>\n<\/div><\/div>\n\n\n\n<div class=\"wp-block-column is-layout-flow wp-block-column-is-layout-flow\"><div class=\"wp-block-image\">\n<figure class=\"aligncenter size-large is-resized\"><a href=\"https:\/\/margeht.com\/?page_id=243\"><img loading=\"lazy\" decoding=\"async\" width=\"1024\" height=\"768\" src=\"http:\/\/www.margeht.com\/wp-content\/uploads\/2025\/03\/ana-ekran-1024x768.jpg\" alt=\"\" class=\"wp-image-345\" style=\"aspect-ratio:1.3333542713567839;width:249px;height:auto\" srcset=\"https:\/\/www.margeht.com\/wp-content\/uploads\/2025\/03\/ana-ekran-1024x768.jpg 1024w, https:\/\/www.margeht.com\/wp-content\/uploads\/2025\/03\/ana-ekran-300x225.jpg 300w, https:\/\/www.margeht.com\/wp-content\/uploads\/2025\/03\/ana-ekran-768x576.jpg 768w, https:\/\/www.margeht.com\/wp-content\/uploads\/2025\/03\/ana-ekran-1536x1152.jpg 1536w, https:\/\/www.margeht.com\/wp-content\/uploads\/2025\/03\/ana-ekran-2048x1536.jpg 2048w\" sizes=\"auto, (max-width: 1024px) 100vw, 1024px\" \/><\/a><figcaption class=\"wp-element-caption\">Bize ula\u015f\u0131n<\/figcaption><\/figure>\n<\/div><\/div>\n<\/div>\n\n\n\n<figure class=\"wp-block-image size-large is-resized\"><img loading=\"lazy\" decoding=\"async\" width=\"1024\" height=\"335\" src=\"https:\/\/margeht.com\/wp-content\/uploads\/2025\/03\/Ekran-Resmi-2025-03-24-12.06.55-1-1024x335.png\" alt=\"\" class=\"wp-image-274\" style=\"width:1170px;height:auto\" srcset=\"https:\/\/www.margeht.com\/wp-content\/uploads\/2025\/03\/Ekran-Resmi-2025-03-24-12.06.55-1-1024x335.png 1024w, https:\/\/www.margeht.com\/wp-content\/uploads\/2025\/03\/Ekran-Resmi-2025-03-24-12.06.55-1-300x98.png 300w, https:\/\/www.margeht.com\/wp-content\/uploads\/2025\/03\/Ekran-Resmi-2025-03-24-12.06.55-1-768x251.png 768w, https:\/\/www.margeht.com\/wp-content\/uploads\/2025\/03\/Ekran-Resmi-2025-03-24-12.06.55-1-1536x503.png 1536w, https:\/\/www.margeht.com\/wp-content\/uploads\/2025\/03\/Ekran-Resmi-2025-03-24-12.06.55-1-2048x671.png 2048w\" sizes=\"auto, (max-width: 1024px) 100vw, 1024px\" \/><\/figure>\n\n\n\n<div class=\"wp-block-columns alignwide are-vertically-aligned-top is-layout-flex wp-container-core-columns-is-layout-9d6595d7 wp-block-columns-is-layout-flex\">\n<div class=\"wp-block-column is-vertically-aligned-top is-layout-flow wp-block-column-is-layout-flow\">\n<p style=\"line-height:2\"><strong>Adress<\/strong><br>\u00c7anakkale Teknopark Sar\u0131caeli 17100 \u00c7anakkale\/T\u00dcRK\u0130YE<\/p>\n<\/div>\n\n\n\n<div class=\"wp-block-column is-vertically-aligned-top is-layout-flow wp-block-column-is-layout-flow\">\n<p style=\"line-height:2\"><strong>\u0130leti\u015fim:<\/strong><br>Tel. : +90 286 501 6086<br>GSM :+90 532 179 7690 <br>E-posta: info@margeht.com<\/p>\n<\/div>\n\n\n\n<div class=\"wp-block-column is-vertically-aligned-top is-layout-flow wp-block-column-is-layout-flow\">\n<div class=\"wp-block-buttons is-layout-flex wp-block-buttons-is-layout-flex\">\n<div class=\"wp-block-button has-custom-width wp-block-button__width-100\"><a class=\"wp-block-button__link has-text-color has-background wp-element-button\" href=\"https:\/\/api.whatsapp.com\/send? phone=905324797690\" style=\"color:#efefef;background-color:#262626\">WhatsApp ile Ula\u015f\u0131n<\/a><\/div>\n<\/div>\n<\/div>\n<\/div>\n\n\n\n<p><\/p>\n\n\n\n<p class=\"has-text-align-center\"><strong><em>Markalar\u0131m\u0131z<\/em><\/strong><\/p>\n\n\n\n<div class=\"wp-block-columns is-layout-flex wp-container-core-columns-is-layout-9d6595d7 wp-block-columns-is-layout-flex\">\n<div class=\"wp-block-column is-vertically-aligned-center is-layout-flow wp-block-column-is-layout-flow\"><div class=\"wp-block-image\">\n<figure class=\"aligncenter size-full is-resized\"><a href=\"dokulturu.com\"><img loading=\"lazy\" decoding=\"async\" width=\"768\" height=\"203\" src=\"https:\/\/margeht.com\/wp-content\/uploads\/2025\/03\/dokulturu-footer_tr_TR-1-768x203-2.jpg\" alt=\"\" class=\"wp-image-260\" style=\"width:265px;height:auto\" srcset=\"https:\/\/www.margeht.com\/wp-content\/uploads\/2025\/03\/dokulturu-footer_tr_TR-1-768x203-2.jpg 768w, https:\/\/www.margeht.com\/wp-content\/uploads\/2025\/03\/dokulturu-footer_tr_TR-1-768x203-2-300x79.jpg 300w\" sizes=\"auto, (max-width: 768px) 100vw, 768px\" \/><\/a><\/figure>\n<\/div><\/div>\n\n\n\n<div class=\"wp-block-column is-layout-flow wp-block-column-is-layout-flow\"><div class=\"wp-block-image\">\n<figure class=\"aligncenter size-full is-resized\"><a href=\"pharmarge.com\"><img loading=\"lazy\" decoding=\"async\" width=\"828\" height=\"657\" src=\"https:\/\/margeht.com\/wp-content\/uploads\/2025\/03\/IMG_1931-1.jpeg\" alt=\"\" class=\"wp-image-258\" style=\"width:187px;height:auto\" srcset=\"https:\/\/www.margeht.com\/wp-content\/uploads\/2025\/03\/IMG_1931-1.jpeg 828w, https:\/\/www.margeht.com\/wp-content\/uploads\/2025\/03\/IMG_1931-1-300x238.jpeg 300w, https:\/\/www.margeht.com\/wp-content\/uploads\/2025\/03\/IMG_1931-1-768x609.jpeg 768w\" sizes=\"auto, (max-width: 828px) 100vw, 828px\" \/><\/a><\/figure>\n<\/div><\/div>\n\n\n\n<div class=\"wp-block-column is-vertically-aligned-center is-layout-flow wp-block-column-is-layout-flow\"><div class=\"wp-block-image\">\n<figure class=\"aligncenter size-full is-resized\"><img loading=\"lazy\" decoding=\"async\" width=\"289\" height=\"54\" src=\"https:\/\/margeht.com\/wp-content\/uploads\/2025\/03\/Contaminacide-1.png\" alt=\"\" class=\"wp-image-257\" style=\"width:331px;height:auto\"\/><\/figure>\n<\/div><\/div>\n<\/div>\n\n\n\n<p><\/p>\n","protected":false},"excerpt":{"rendered":"<p>Adress\u00c7anakkale Teknopark Sar\u0131caeli 17100 \u00c7anakkale\/T\u00dcRK\u0130YE \u0130leti\u015fim:Tel. : +90 286 501 6086GSM :+90 532 179 7690 E-posta: info@margeht.com Markalar\u0131m\u0131z<\/p>\n","protected":false},"author":1,"featured_media":81,"parent":0,"menu_order":1,"comment_status":"closed","ping_status":"closed","template":"","meta":{"neve_meta_sidebar":"","neve_meta_container":"","neve_meta_enable_content_width":"","neve_meta_content_width":0,"neve_meta_title_alignment":"","neve_meta_author_avatar":"","neve_post_elements_order":"","neve_meta_disable_header":"","neve_meta_disable_footer":"","neve_meta_disable_title":"","footnotes":""},"class_list":["post-5","page","type-page","status-publish","has-post-thumbnail","hentry"],"_links":{"self":[{"href":"https:\/\/www.margeht.com\/index.php?rest_route=\/wp\/v2\/pages\/5","targetHints":{"allow":["GET"]}}],"collection":[{"href":"https:\/\/www.margeht.com\/index.php?rest_route=\/wp\/v2\/pages"}],"about":[{"href":"https:\/\/www.margeht.com\/index.php?rest_route=\/wp\/v2\/types\/page"}],"author":[{"embeddable":true,"href":"https:\/\/www.margeht.com\/index.php?rest_route=\/wp\/v2\/users\/1"}],"replies":[{"embeddable":true,"href":"https:\/\/www.margeht.com\/index.php?rest_route=%2Fwp%2Fv2%2Fcomments&post=5"}],"version-history":[{"count":50,"href":"https:\/\/www.margeht.com\/index.php?rest_route=\/wp\/v2\/pages\/5\/revisions"}],"predecessor-version":[{"id":432,"href":"https:\/\/www.margeht.com\/index.php?rest_route=\/wp\/v2\/pages\/5\/revisions\/432"}],"wp:featuredmedia":[{"embeddable":true,"href":"https:\/\/www.margeht.com\/index.php?rest_route=\/wp\/v2\/media\/81"}],"wp:attachment":[{"href":"https:\/\/www.margeht.com\/index.php?rest_route=%2Fwp%2Fv2%2Fmedia&parent=5"}],"curies":[{"name":"wp","href":"https:\/\/api.w.org\/{rel}","templated":true}]}}